{"id":4917,"date":"2024-09-10T23:36:47","date_gmt":"2024-09-10T23:36:47","guid":{"rendered":"https:\/\/marlenecleaningibizaservices.com\/cookies\/"},"modified":"2024-09-11T20:07:15","modified_gmt":"2024-09-11T20:07:15","slug":"cookies","status":"publish","type":"page","link":"https:\/\/marlenecleaningibizaservices.com\/es\/cookies\/","title":{"rendered":"Cookies"},"content":{"rendered":"\n<p><strong>Pol\u00edtica de Cookies<\/strong><\/p>\n\n\n\n<p>En <strong>marlenecleaningibizaservices.com<\/strong> (en adelante, &#8220;la Empresa&#8221;), utilizamos cookies para mejorar la experiencia del usuario en nuestro sitio web. A continuaci\u00f3n, explicamos qu\u00e9 son las cookies, qu\u00e9 tipos utilizamos y c\u00f3mo puedes gestionarlas.<\/p>\n\n\n\n<h3 class=\"wp-block-heading\">1. \u00bfQu\u00e9 son las Cookies?<\/h3>\n\n\n\n<p>Las cookies son peque\u00f1os archivos de texto que se almacenan en su dispositivo (ordenador, smartphone, tablet, etc.) cuando visita un sitio web. Estas permiten que el sitio recuerde sus preferencias y acciones (como inicio de sesi\u00f3n, idioma, tama\u00f1o de fuente y otras preferencias de visualizaci\u00f3n) durante un per\u00edodo de tiempo, para que no tenga que volver a configurarlas cada vez que regrese al sitio o navegue entre p\u00e1ginas.<\/p>\n\n\n\n<h3 class=\"wp-block-heading\">2. Tipos de Cookies que Utilizamos<\/h3>\n\n\n\n<p>En <strong>marlenecleaningibizaservices.com<\/strong>, utilizamos los siguientes tipos de cookies:<\/p>\n\n\n\n<ul class=\"wp-block-list\">\n<li><strong>Cookies Esenciales<\/strong>: Son necesarias para el funcionamiento correcto del sitio web. Sin estas cookies, algunas funcionalidades del sitio pueden no estar disponibles.<\/li>\n\n\n\n<li><strong>Cookies de Rendimiento<\/strong>: Recogen informaci\u00f3n sobre c\u00f3mo los usuarios utilizan el sitio web, como las p\u00e1ginas m\u00e1s visitadas o si reciben mensajes de error. Estas cookies no recopilan informaci\u00f3n que identifique a un visitante, toda la informaci\u00f3n es an\u00f3nima.<\/li>\n\n\n\n<li><strong>Cookies de Funcionalidad<\/strong>: Permiten al sitio recordar las elecciones que haces (como tu idioma o regi\u00f3n) y ofrecen caracter\u00edsticas mejoradas. La informaci\u00f3n recopilada por estas cookies es an\u00f3nima y no puede rastrear su actividad de navegaci\u00f3n en otros sitios web.<\/li>\n<\/ul>\n\n\n\n<h3 class=\"wp-block-heading\">3. Finalidad de las Cookies<\/h3>\n\n\n\n<p>Las cookies que utilizamos tienen como finalidad:<\/p>\n\n\n\n<ul class=\"wp-block-list\">\n<li>Mejorar el rendimiento y funcionamiento del sitio web.<\/li>\n\n\n\n<li>Recordar sus preferencias de navegaci\u00f3n (idioma, regi\u00f3n, etc.).<\/li>\n\n\n\n<li>Facilitar la interacci\u00f3n con el sitio web y mejorar su experiencia de usuario.<\/li>\n<\/ul>\n\n\n\n<h3 class=\"wp-block-heading\">4. Gesti\u00f3n y Desactivaci\u00f3n de Cookies<\/h3>\n\n\n\n<p>El usuario tiene la opci\u00f3n de permitir, bloquear o eliminar las cookies instaladas en su dispositivo a trav\u00e9s de la configuraci\u00f3n del navegador que utilice. A continuaci\u00f3n, indicamos c\u00f3mo hacerlo en los navegadores m\u00e1s comunes:<\/p>\n\n\n\n<ul class=\"wp-block-list\">\n<li><strong>Google Chrome<\/strong>: <a>Configuraci\u00f3n de cookies en Chrome<\/a>.<\/li>\n\n\n\n<li><strong>Mozilla Firefox<\/strong>: <a href=\"https:\/\/support.mozilla.org\/es\/kb\/impedir-que-los-sitios-web-guarden-sus-preferencia\">Configuraci\u00f3n de cookies en Firefox<\/a>.<\/li>\n\n\n\n<li><strong>Microsoft Edge<\/strong>: <a href=\"https:\/\/support.microsoft.com\/es-es\/microsoft-edge\/eliminar-y-administrar-cookies-en-microsoft-edge-63947406-0400-45a0-8a56-78eca0daf928\">Configuraci\u00f3n de cookies en Edge<\/a>.<\/li>\n\n\n\n<li><strong>Safari<\/strong>: <a href=\"https:\/\/support.apple.com\/es-es\/guide\/safari\/sfri11471\/mac\">Configuraci\u00f3n de cookies en Safari<\/a>.<\/li>\n<\/ul>\n\n\n\n<p>Es posible que al deshabilitar ciertas cookies no pueda utilizar algunas funcionalidades de nuestro sitio web.<\/p>\n\n\n\n<h3 class=\"wp-block-heading\">5. Cambios en la Pol\u00edtica de Cookies<\/h3>\n\n\n\n<p>Nos reservamos el derecho de actualizar esta Pol\u00edtica de Cookies en cualquier momento. Cualquier cambio ser\u00e1 publicado en esta p\u00e1gina y tendr\u00e1 efecto inmediato.<\/p>\n\n\n\n<h3 class=\"wp-block-heading\">6. Contacto<\/h3>\n\n\n\n<p>Si tienes alguna pregunta sobre esta Pol\u00edtica de Cookies, no dudes en contactarnos a trav\u00e9s de info@marlenecleaningibizaservices.com.<\/p>\n","protected":false},"excerpt":{"rendered":"<p>Pol\u00edtica de Cookies En marlenecleaningibizaservices.com (en adelante, &#8220;la Empresa&#8221;), utilizamos cookies para mejorar la experiencia del usuario en nuestro sitio web. A continuaci\u00f3n, explicamos qu\u00e9 son las cookies, qu\u00e9 tipos utilizamos y c\u00f3mo puedes gestionarlas. 1. \u00bfQu\u00e9 son las Cookies? Las cookies son peque\u00f1os archivos de texto que se almacenan en su dispositivo (ordenador, smartphone, [&hellip;]<\/p>\n","protected":false},"author":2,"featured_media":0,"parent":0,"menu_order":0,"comment_status":"closed","ping_status":"closed","template":"","meta":{"_joinchat":[],"footnotes":""},"class_list":["post-4917","page","type-page","status-publish","hentry"],"yoast_head":"<!-- This site is optimized with the Yoast SEO plugin v26.8 - https:\/\/yoast.com\/product\/yoast-seo-wordpress\/ -->\n<title>Cookies | Marlene Cleaning Ibiza<\/title>\n<meta name=\"robots\" content=\"noindex, follow, max-snippet:-1, max-image-preview:large, max-video-preview:-1\" \/>\n<meta property=\"og:locale\" content=\"es_ES\" \/>\n<meta property=\"og:type\" content=\"article\" \/>\n<meta property=\"og:title\" content=\"Cookies | Marlene Cleaning Ibiza\" \/>\n<meta property=\"og:description\" content=\"Pol\u00edtica de Cookies En marlenecleaningibizaservices.com (en adelante, &#8220;la Empresa&#8221;), utilizamos cookies para mejorar la experiencia del usuario en nuestro sitio web. A continuaci\u00f3n, explicamos qu\u00e9 son las cookies, qu\u00e9 tipos utilizamos y c\u00f3mo puedes gestionarlas. 1. \u00bfQu\u00e9 son las Cookies? Las cookies son peque\u00f1os archivos de texto que se almacenan en su dispositivo (ordenador, smartphone, [&hellip;]\" \/>\n<meta property=\"og:url\" content=\"https:\/\/marlenecleaningibizaservices.com\/es\/cookies\/\" \/>\n<meta property=\"og:site_name\" content=\"Marlene Cleaning Ibiza\" \/>\n<meta property=\"article:modified_time\" content=\"2024-09-11T20:07:15+00:00\" \/>\n<meta property=\"og:image\" content=\"https:\/\/marlenecleaningibizaservices.com\/wp-content\/uploads\/2023\/11\/cropped-Logo-cleaning-Jenny-favicon.jpg\" \/>\n\t<meta property=\"og:image:width\" content=\"512\" \/>\n\t<meta property=\"og:image:height\" content=\"512\" \/>\n\t<meta property=\"og:image:type\" content=\"image\/jpeg\" \/>\n<meta name=\"twitter:card\" content=\"summary_large_image\" \/>\n<meta name=\"twitter:label1\" content=\"Tiempo de lectura\" \/>\n\t<meta name=\"twitter:data1\" content=\"2 minutos\" \/>\n<script type=\"application\/ld+json\" class=\"yoast-schema-graph\">{\"@context\":\"https:\/\/schema.org\",\"@graph\":[{\"@type\":\"WebPage\",\"@id\":\"https:\/\/marlenecleaningibizaservices.com\/es\/cookies\/\",\"url\":\"https:\/\/marlenecleaningibizaservices.com\/es\/cookies\/\",\"name\":\"Cookies | Marlene Cleaning Ibiza\",\"isPartOf\":{\"@id\":\"https:\/\/marlenecleaningibizaservices.com\/es\/#website\"},\"datePublished\":\"2024-09-10T23:36:47+00:00\",\"dateModified\":\"2024-09-11T20:07:15+00:00\",\"breadcrumb\":{\"@id\":\"https:\/\/marlenecleaningibizaservices.com\/es\/cookies\/#breadcrumb\"},\"inLanguage\":\"es\",\"potentialAction\":[{\"@type\":\"ReadAction\",\"target\":[\"https:\/\/marlenecleaningibizaservices.com\/es\/cookies\/\"]}]},{\"@type\":\"BreadcrumbList\",\"@id\":\"https:\/\/marlenecleaningibizaservices.com\/es\/cookies\/#breadcrumb\",\"itemListElement\":[{\"@type\":\"ListItem\",\"position\":1,\"name\":\"Home\",\"item\":\"https:\/\/marlenecleaningibizaservices.com\/es\/\"},{\"@type\":\"ListItem\",\"position\":2,\"name\":\"Cookies\"}]},{\"@type\":\"WebSite\",\"@id\":\"https:\/\/marlenecleaningibizaservices.com\/es\/#website\",\"url\":\"https:\/\/marlenecleaningibizaservices.com\/es\/\",\"name\":\"Marlene Cleaning Ibiza\",\"description\":\"Cleaning house service Ibiza\",\"publisher\":{\"@id\":\"https:\/\/marlenecleaningibizaservices.com\/es\/#organization\"},\"potentialAction\":[{\"@type\":\"SearchAction\",\"target\":{\"@type\":\"EntryPoint\",\"urlTemplate\":\"https:\/\/marlenecleaningibizaservices.com\/es\/?s={search_term_string}\"},\"query-input\":{\"@type\":\"PropertyValueSpecification\",\"valueRequired\":true,\"valueName\":\"search_term_string\"}}],\"inLanguage\":\"es\"},{\"@type\":\"Organization\",\"@id\":\"https:\/\/marlenecleaningibizaservices.com\/es\/#organization\",\"name\":\"Marlene Cleaning Ibiza\",\"url\":\"https:\/\/marlenecleaningibizaservices.com\/es\/\",\"logo\":{\"@type\":\"ImageObject\",\"inLanguage\":\"es\",\"@id\":\"https:\/\/marlenecleaningibizaservices.com\/es\/#\/schema\/logo\/image\/\",\"url\":\"https:\/\/marlenecleaningibizaservices.com\/wp-content\/uploads\/2023\/11\/cropped-Logo-cleaning-Jenny-favicon.jpg\",\"contentUrl\":\"https:\/\/marlenecleaningibizaservices.com\/wp-content\/uploads\/2023\/11\/cropped-Logo-cleaning-Jenny-favicon.jpg\",\"width\":512,\"height\":512,\"caption\":\"Marlene Cleaning Ibiza\"},\"image\":{\"@id\":\"https:\/\/marlenecleaningibizaservices.com\/es\/#\/schema\/logo\/image\/\"}}]}<\/script>\n<!-- \/ Yoast SEO plugin. -->","yoast_head_json":{"title":"Cookies | Marlene Cleaning Ibiza","robots":{"index":"noindex","follow":"follow","max-snippet":"max-snippet:-1","max-image-preview":"max-image-preview:large","max-video-preview":"max-video-preview:-1"},"og_locale":"es_ES","og_type":"article","og_title":"Cookies | Marlene Cleaning Ibiza","og_description":"Pol\u00edtica de Cookies En marlenecleaningibizaservices.com (en adelante, &#8220;la Empresa&#8221;), utilizamos cookies para mejorar la experiencia del usuario en nuestro sitio web. A continuaci\u00f3n, explicamos qu\u00e9 son las cookies, qu\u00e9 tipos utilizamos y c\u00f3mo puedes gestionarlas. 1. \u00bfQu\u00e9 son las Cookies? Las cookies son peque\u00f1os archivos de texto que se almacenan en su dispositivo (ordenador, smartphone, [&hellip;]","og_url":"https:\/\/marlenecleaningibizaservices.com\/es\/cookies\/","og_site_name":"Marlene Cleaning Ibiza","article_modified_time":"2024-09-11T20:07:15+00:00","og_image":[{"width":512,"height":512,"url":"https:\/\/marlenecleaningibizaservices.com\/wp-content\/uploads\/2023\/11\/cropped-Logo-cleaning-Jenny-favicon.jpg","type":"image\/jpeg"}],"twitter_card":"summary_large_image","twitter_misc":{"Tiempo de lectura":"2 minutos"},"schema":{"@context":"https:\/\/schema.org","@graph":[{"@type":"WebPage","@id":"https:\/\/marlenecleaningibizaservices.com\/es\/cookies\/","url":"https:\/\/marlenecleaningibizaservices.com\/es\/cookies\/","name":"Cookies | Marlene Cleaning Ibiza","isPartOf":{"@id":"https:\/\/marlenecleaningibizaservices.com\/es\/#website"},"datePublished":"2024-09-10T23:36:47+00:00","dateModified":"2024-09-11T20:07:15+00:00","breadcrumb":{"@id":"https:\/\/marlenecleaningibizaservices.com\/es\/cookies\/#breadcrumb"},"inLanguage":"es","potentialAction":[{"@type":"ReadAction","target":["https:\/\/marlenecleaningibizaservices.com\/es\/cookies\/"]}]},{"@type":"BreadcrumbList","@id":"https:\/\/marlenecleaningibizaservices.com\/es\/cookies\/#breadcrumb","itemListElement":[{"@type":"ListItem","position":1,"name":"Home","item":"https:\/\/marlenecleaningibizaservices.com\/es\/"},{"@type":"ListItem","position":2,"name":"Cookies"}]},{"@type":"WebSite","@id":"https:\/\/marlenecleaningibizaservices.com\/es\/#website","url":"https:\/\/marlenecleaningibizaservices.com\/es\/","name":"Marlene Cleaning Ibiza","description":"Cleaning house service Ibiza","publisher":{"@id":"https:\/\/marlenecleaningibizaservices.com\/es\/#organization"},"potentialAction":[{"@type":"SearchAction","target":{"@type":"EntryPoint","urlTemplate":"https:\/\/marlenecleaningibizaservices.com\/es\/?s={search_term_string}"},"query-input":{"@type":"PropertyValueSpecification","valueRequired":true,"valueName":"search_term_string"}}],"inLanguage":"es"},{"@type":"Organization","@id":"https:\/\/marlenecleaningibizaservices.com\/es\/#organization","name":"Marlene Cleaning Ibiza","url":"https:\/\/marlenecleaningibizaservices.com\/es\/","logo":{"@type":"ImageObject","inLanguage":"es","@id":"https:\/\/marlenecleaningibizaservices.com\/es\/#\/schema\/logo\/image\/","url":"https:\/\/marlenecleaningibizaservices.com\/wp-content\/uploads\/2023\/11\/cropped-Logo-cleaning-Jenny-favicon.jpg","contentUrl":"https:\/\/marlenecleaningibizaservices.com\/wp-content\/uploads\/2023\/11\/cropped-Logo-cleaning-Jenny-favicon.jpg","width":512,"height":512,"caption":"Marlene Cleaning Ibiza"},"image":{"@id":"https:\/\/marlenecleaningibizaservices.com\/es\/#\/schema\/logo\/image\/"}}]}},"_links":{"self":[{"href":"https:\/\/marlenecleaningibizaservices.com\/es\/wp-json\/wp\/v2\/pages\/4917","targetHints":{"allow":["GET"]}}],"collection":[{"href":"https:\/\/marlenecleaningibizaservices.com\/es\/wp-json\/wp\/v2\/pages"}],"about":[{"href":"https:\/\/marlenecleaningibizaservices.com\/es\/wp-json\/wp\/v2\/types\/page"}],"author":[{"embeddable":true,"href":"https:\/\/marlenecleaningibizaservices.com\/es\/wp-json\/wp\/v2\/users\/2"}],"replies":[{"embeddable":true,"href":"https:\/\/marlenecleaningibizaservices.com\/es\/wp-json\/wp\/v2\/comments?post=4917"}],"version-history":[{"count":2,"href":"https:\/\/marlenecleaningibizaservices.com\/es\/wp-json\/wp\/v2\/pages\/4917\/revisions"}],"predecessor-version":[{"id":4942,"href":"https:\/\/marlenecleaningibizaservices.com\/es\/wp-json\/wp\/v2\/pages\/4917\/revisions\/4942"}],"wp:attachment":[{"href":"https:\/\/marlenecleaningibizaservices.com\/es\/wp-json\/wp\/v2\/media?parent=4917"}],"curies":[{"name":"wp","href":"https:\/\/api.w.org\/{rel}","templated":true}]}}