{"id":4481,"date":"2019-07-11T06:59:56","date_gmt":"2019-07-11T06:59:56","guid":{"rendered":"https:\/\/marlenecleaningibizaservices.com\/contact\/"},"modified":"2024-09-12T23:47:09","modified_gmt":"2024-09-12T23:47:09","slug":"contacto","status":"publish","type":"page","link":"https:\/\/marlenecleaningibizaservices.com\/es\/contacto\/","title":{"rendered":"Contacto"},"content":{"rendered":"\t\t<div data-elementor-type=\"wp-post\" data-elementor-id=\"4481\" class=\"elementor elementor-4481 elementor-30\">\n\t\t\t\t\t\t<section class=\"elementor-section elementor-top-section elementor-element elementor-element-335cae8 elementor-section-stretched elementor-section-boxed elementor-section-height-default elementor-section-height-default\" data-id=\"335cae8\" data-element_type=\"section\" data-e-type=\"section\" data-settings=\"{&quot;stretch_section&quot;:&quot;section-stretched&quot;}\">\n\t\t\t\t\t\t<div class=\"elementor-container elementor-column-gap-default\">\n\t\t\t\t\t<div class=\"elementor-column elementor-col-50 elementor-top-column elementor-element elementor-element-b2216fc\" data-id=\"b2216fc\" data-element_type=\"column\" data-e-type=\"column\">\n\t\t\t<div class=\"elementor-widget-wrap elementor-element-populated\">\n\t\t\t\t\t\t<div class=\"elementor-element elementor-element-819e28d elementor-widget elementor-widget-google_maps\" data-id=\"819e28d\" data-element_type=\"widget\" data-e-type=\"widget\" data-widget_type=\"google_maps.default\">\n\t\t\t\t<div class=\"elementor-widget-container\">\n\t\t\t\t\t\t\t<div class=\"elementor-custom-embed\">\n\t\t\t<iframe loading=\"lazy\"\n\t\t\t\t\tsrc=\"https:\/\/maps.google.com\/maps?q=alle%20Music%20Ferm%C3%AD%20Mari%20n%C3%BAmero%2029&#038;t=m&#038;z=9&#038;output=embed&#038;iwloc=near\"\n\t\t\t\t\ttitle=\"alle Music Ferm\u00ed Mari n\u00famero 29\"\n\t\t\t\t\taria-label=\"alle Music Ferm\u00ed Mari n\u00famero 29\"\n\t\t\t><\/iframe>\n\t\t<\/div>\n\t\t\t\t\t\t<\/div>\n\t\t\t\t<\/div>\n\t\t\t\t<div class=\"elementor-element elementor-element-fe1add2 elementor-widget elementor-widget-rt-contact-address\" data-id=\"fe1add2\" data-element_type=\"widget\" data-e-type=\"widget\" data-widget_type=\"rt-contact-address.default\">\n\t\t\t\t<div class=\"elementor-widget-container\">\n\t\t\t\t\t\n<div class=\"rtin-address-default light\">\n\t<div class=\"rtin-address-info\">\n\t\t\t\t\t\t\t<div class=\"rtin-address\">\n\t\t\t\t\t\t\t\t\t<div class=\"rtin-item\">\n\t\t\t\t\t\t\t\t\t\t<div class=\"rtin-icon\"><i class=\"flaticon-call-answer\"><\/i><\/div>\n\t\t\t\t\t<div class=\"rtin-info\"><h3>Telefono<\/h3><a href=\"tel:+34 654 78 67 83,\">+34 654 78 67 83<\/a><br><\/div>\n\t\t\t\t\t\t\t\t\t\t<\/div>\n\t\t\t\t\t\t\t\t\t<div class=\"rtin-item\">\n\t\t\t\t\t\t\t\t\t\t<div class=\"rtin-icon\"><i class=\"flaticon-message\"><\/i><\/div>\n\t\t\t\t\t<div class=\"rtin-info\"><h3>E-mail:<\/h3><a href=\"mailto:info@ cleaningibizaservices.com\">info@cleaningibizaservices.com <\/a><br><\/div>\n\t\t\t\t\t\t\t\t\t\t<\/div>\n\t\t\t\t\t\t\t\t\t<div class=\"rtin-item\">\n\t\t\t\t\t\t\t\t\t\t<div class=\"rtin-icon\"><i class=\"flaticon-maps-and-flags\"><\/i><\/div>\n\t\t\t\t\t<div class=\"rtin-info\"><h3>Ubicaci\u00f3n:<\/h3>Calle Music Ferm\u00ed Mari N\u00ba 29<\/div>\n\t\t\t\t\t\t\t\t\t\t<\/div>\n\t\t\t\t\t\t\t<\/div>\n\t\t\t<\/div>\n<\/div>\t\t\t\t<\/div>\n\t\t\t\t<\/div>\n\t\t\t\t\t<\/div>\n\t\t<\/div>\n\t\t\t\t<div class=\"elementor-column elementor-col-50 elementor-top-column elementor-element elementor-element-c5ca93e\" data-id=\"c5ca93e\" data-element_type=\"column\" data-e-type=\"column\">\n\t\t\t<div class=\"elementor-widget-wrap elementor-element-populated\">\n\t\t\t\t\t\t<div class=\"elementor-element elementor-element-1d60cad elementor-widget elementor-widget-rt-title\" data-id=\"1d60cad\" data-element_type=\"widget\" data-e-type=\"widget\" data-widget_type=\"rt-title.default\">\n\t\t\t\t<div class=\"elementor-widget-container\">\n\t\t\t\t\t<div class=\"sec-title style4\">\n\t<div class=\"sec-title-holder\">\n\t\t<h2 class=\"rtin-title\">\u00bfTiene alguna pregunta?<\/h2>\n\t<\/div>\n<\/div>\n\t\t\t\t<\/div>\n\t\t\t\t<\/div>\n\t\t\t\t<div class=\"elementor-element elementor-element-41aa8b6 elementor-widget elementor-widget-shortcode\" data-id=\"41aa8b6\" data-element_type=\"widget\" data-e-type=\"widget\" data-widget_type=\"shortcode.default\">\n\t\t\t\t<div class=\"elementor-widget-container\">\n\t\t\t\t\t\t\t<div class=\"elementor-shortcode\"><div class='fluentform ff-default fluentform_wrapper_6 ffs_default_wrap'><form data-form_id=\"6\" id=\"fluentform_6\" class=\"frm-fluent-form fluent_form_6 ff-el-form-top ff_form_instance_6_1 ff-form-loading ffs_default\" data-form_instance=\"ff_form_instance_6_1\" method=\"POST\" ><fieldset  style=\"border: none!important;margin: 0!important;padding: 0!important;background-color: transparent!important;box-shadow: none!important;outline: none!important; min-inline-size: 100%;\">\n                    <legend class=\"ff_screen_reader_title\" style=\"display: block; margin: 0!important;padding: 0!important;height: 0!important;text-indent: -999999px;width: 0!important;overflow:hidden;\">Contact Form sp<\/legend><input type='hidden' name='__fluent_form_embded_post_id' value='4481' \/><input type=\"hidden\" id=\"_fluentform_6_fluentformnonce\" name=\"_fluentform_6_fluentformnonce\" value=\"0c0b081740\" \/><input type=\"hidden\" name=\"_wp_http_referer\" value=\"\/es\/wp-json\/wp\/v2\/pages\/4481\" \/><div data-type=\"name-element\" data-name=\"names\" class=\" ff-field_container ff-name-field-wrapper contact-form\" ><div class='ff-t-container'><div class='ff-t-cell '><div class='ff-el-group  ff-el-form-hide_label'><div class=\"ff-el-input--label ff-el-is-required asterisk-right\"><label for='ff_6_names_first_name_' id='label_ff_6_names_first_name_' >Name<\/label><\/div><div class='ff-el-input--content'><input type=\"text\" name=\"names[first_name]\" id=\"ff_6_names_first_name_\" class=\"ff-el-form-control\" placeholder=\"Nombre*\" aria-invalid=\"false\" aria-required=true><\/div><\/div><\/div><\/div><\/div><div class='ff-el-group ff-el-form-hide_label contact-form'><div class=\"ff-el-input--label ff-el-is-required asterisk-right\"><label for='ff_6_email' id='label_ff_6_email' aria-label=\"Email\">Email<\/label><\/div><div class='ff-el-input--content'><input type=\"email\" name=\"email\" id=\"ff_6_email\" class=\"ff-el-form-control\" placeholder=\"Email*\" data-name=\"email\"  aria-invalid=\"false\" aria-required=true><\/div><\/div><div class='ff-el-group ff-el-form-hide_label contact-form'><div class=\"ff-el-input--label ff-el-is-required asterisk-right\"><label for='ff_6_subject' id='label_ff_6_subject' aria-label=\"Phone\">Phone<\/label><\/div><div class='ff-el-input--content'><input type=\"text\" name=\"subject\" class=\"ff-el-form-control\" placeholder=\"Tel\u00e9fono*\" data-name=\"subject\" id=\"ff_6_subject\"  aria-invalid=\"false\" aria-required=true><\/div><\/div><div class='ff-el-group ff-el-form-hide_label contact-form'><div class=\"ff-el-input--label ff-el-is-required asterisk-right\"><label for='ff_6_subject_1' id='label_ff_6_subject_1' aria-label=\"Subject\">Subject<\/label><\/div><div class='ff-el-input--content'><input type=\"text\" name=\"subject_1\" class=\"ff-el-form-control\" placeholder=\"Asunto*\" data-name=\"subject_1\" id=\"ff_6_subject_1\"  aria-invalid=\"false\" aria-required=true><\/div><\/div><div class='ff-el-group ff-el-form-hide_label contact-form'><div class=\"ff-el-input--label asterisk-right\"><label for='ff_6_message' id='label_ff_6_message' aria-label=\"Your Message\">Your Message<\/label><\/div><div class='ff-el-input--content'><textarea aria-required=\"false\" aria-labelledby=\"label_ff_6_message\" name=\"message\" id=\"ff_6_message\" class=\"ff-el-form-control\" placeholder=\"Message\" rows=\"4\" cols=\"3\" data-name=\"message\" ><\/textarea><\/div><\/div><div class='ff-el-group    ff-el-input--content'><div class='ff-el-form-check ff-el-tc'><label aria-label='T\u00e9rminos y condiciones: He le\u00eddo y estoy de acuerdo con los T\u00e9rminos y condiciones y\u00a0Pol\u00edtica de privacidad Contiene 2 enlaces. Usa la navegaci\u00f3n por pesta\u00f1as para rese\u00f1ar.' class='ff-el-form-check-label ff_tc_label' for=terms-n-condition_d0d4a9e19af6134cdcd45c8590030d16><span class='ff_tc_checkbox'><input type=\"checkbox\" name=\"terms-n-condition\" class=\"ff-el-form-check-input\" data-name=\"terms-n-condition\" id=\"terms-n-condition_d0d4a9e19af6134cdcd45c8590030d16\"  value='on' aria-invalid='false' aria-required=false><\/span> <div class='ff_t_c'><p>He le\u00eddo y estoy de acuerdo con los <a href=\"https:\/\/marlenecleaningibizaservices.com\/es\/terminos-y-condiciones\/\">T\u00e9rminos y condiciones<\/a> y\u00a0<a href=\"https:\/\/marlenecleaningibizaservices.com\/es\/politica-de-privacidad\/\" target=\"_blank\" rel=\"noopener\">Pol\u00edtica de privacidad<\/a><\/p><\/div><\/label><\/div><\/div><div class='ff-el-group ff-text-left contact-form ff_submit_btn_wrapper'><button type=\"submit\" class=\"ff-btn ff-btn-submit ff-btn-md ff_btn_style\"  aria-label=\"Enviar mensaje\">Enviar mensaje<\/button><\/div><\/fieldset><\/form><div id='fluentform_6_errors' class='ff-errors-in-stack ff_form_instance_6_1 ff-form-loading_errors ff_form_instance_6_1_errors'><\/div><\/div>            <script type=\"text\/javascript\">\n                window.fluent_form_ff_form_instance_6_1 = {\"id\":\"6\",\"settings\":{\"layout\":{\"labelPlacement\":\"top\",\"helpMessagePlacement\":\"with_label\",\"errorMessagePlacement\":\"inline\",\"asteriskPlacement\":\"asterisk-right\"},\"id\":\"39\",\"restrictions\":{\"denyEmptySubmission\":{\"enabled\":false}}},\"form_instance\":\"ff_form_instance_6_1\",\"form_id_selector\":\"fluentform_6\",\"rules\":{\"names[first_name]\":{\"required\":{\"value\":true,\"message\":\"This field is required\",\"global\":false,\"global_message\":\"This field is required\"}},\"names[middle_name]\":{\"required\":{\"value\":false,\"message\":\"This field is required\",\"global\":false,\"global_message\":\"This field is required\"}},\"names[last_name]\":{\"required\":{\"value\":false,\"message\":\"This field is required\",\"global\":false,\"global_message\":\"This field is required\"}},\"email\":{\"required\":{\"value\":true,\"message\":\"This field is required\",\"global\":false,\"global_message\":\"This field is required\"},\"email\":{\"value\":true,\"message\":\"This field must contain a valid email\",\"global\":false,\"global_message\":\"This field must contain a valid email\"}},\"subject\":{\"required\":{\"value\":true,\"message\":\"This field is required\",\"global\":false,\"global_message\":\"This field is required\"}},\"subject_1\":{\"required\":{\"value\":true,\"message\":\"This field is required\",\"global\":false,\"global_message\":\"This field is required\"}},\"message\":{\"required\":{\"value\":false,\"message\":\"This field is required\",\"global\":false,\"global_message\":\"This field is required\"}},\"terms-n-condition\":{\"required\":{\"value\":false,\"message\":\"Este campo es obligatorio\",\"global_message\":\"This field is required\",\"global\":true}}},\"debounce_time\":300};\n                            <\/script>\n            <\/div>\n\t\t\t\t\t\t<\/div>\n\t\t\t\t<\/div>\n\t\t\t\t\t<\/div>\n\t\t<\/div>\n\t\t\t\t\t<\/div>\n\t\t<\/section>\n\t\t\t\t<\/div>\n\t\t","protected":false},"excerpt":{"rendered":"<p>Telefono +34 654 78 67 83 E-mail: info@cleaningibizaservices.com Ubicaci\u00f3n: Calle Music Ferm\u00ed Mari N\u00ba 29 \u00bfTiene alguna pregunta?<\/p>\n","protected":false},"author":1,"featured_media":0,"parent":0,"menu_order":0,"comment_status":"closed","ping_status":"closed","template":"","meta":{"_joinchat":[],"footnotes":""},"class_list":["post-4481","page","type-page","status-publish","hentry"],"yoast_head":"<!-- This site is optimized with the Yoast SEO plugin v26.8 - https:\/\/yoast.com\/product\/yoast-seo-wordpress\/ -->\n<title>Contacto | Marlene Cleaning Ibiza<\/title>\n<meta name=\"robots\" content=\"noindex, follow, max-snippet:-1, max-image-preview:large, max-video-preview:-1\" \/>\n<meta property=\"og:locale\" content=\"es_ES\" \/>\n<meta property=\"og:type\" content=\"article\" \/>\n<meta property=\"og:title\" content=\"Contacto | Marlene Cleaning Ibiza\" \/>\n<meta property=\"og:description\" content=\"Telefono +34 654 78 67 83 E-mail: info@cleaningibizaservices.com Ubicaci\u00f3n: Calle Music Ferm\u00ed Mari N\u00ba 29 \u00bfTiene alguna pregunta?\" \/>\n<meta property=\"og:url\" content=\"https:\/\/marlenecleaningibizaservices.com\/es\/contacto\/\" \/>\n<meta property=\"og:site_name\" content=\"Marlene Cleaning Ibiza\" \/>\n<meta property=\"article:modified_time\" content=\"2024-09-12T23:47:09+00:00\" \/>\n<meta property=\"og:image\" content=\"https:\/\/marlenecleaningibizaservices.com\/wp-content\/uploads\/2023\/11\/cropped-Logo-cleaning-Jenny-favicon.jpg\" \/>\n\t<meta property=\"og:image:width\" content=\"512\" \/>\n\t<meta property=\"og:image:height\" content=\"512\" \/>\n\t<meta property=\"og:image:type\" content=\"image\/jpeg\" \/>\n<meta name=\"twitter:card\" content=\"summary_large_image\" \/>\n<meta name=\"twitter:label1\" content=\"Tiempo de lectura\" \/>\n\t<meta name=\"twitter:data1\" content=\"1 minuto\" \/>\n<script type=\"application\/ld+json\" class=\"yoast-schema-graph\">{\"@context\":\"https:\/\/schema.org\",\"@graph\":[{\"@type\":\"WebPage\",\"@id\":\"https:\/\/marlenecleaningibizaservices.com\/es\/contacto\/\",\"url\":\"https:\/\/marlenecleaningibizaservices.com\/es\/contacto\/\",\"name\":\"Contacto | Marlene Cleaning Ibiza\",\"isPartOf\":{\"@id\":\"https:\/\/marlenecleaningibizaservices.com\/es\/#website\"},\"datePublished\":\"2019-07-11T06:59:56+00:00\",\"dateModified\":\"2024-09-12T23:47:09+00:00\",\"breadcrumb\":{\"@id\":\"https:\/\/marlenecleaningibizaservices.com\/es\/contacto\/#breadcrumb\"},\"inLanguage\":\"es\",\"potentialAction\":[{\"@type\":\"ReadAction\",\"target\":[\"https:\/\/marlenecleaningibizaservices.com\/es\/contacto\/\"]}]},{\"@type\":\"BreadcrumbList\",\"@id\":\"https:\/\/marlenecleaningibizaservices.com\/es\/contacto\/#breadcrumb\",\"itemListElement\":[{\"@type\":\"ListItem\",\"position\":1,\"name\":\"Home\",\"item\":\"https:\/\/marlenecleaningibizaservices.com\/es\/\"},{\"@type\":\"ListItem\",\"position\":2,\"name\":\"Contacto\"}]},{\"@type\":\"WebSite\",\"@id\":\"https:\/\/marlenecleaningibizaservices.com\/es\/#website\",\"url\":\"https:\/\/marlenecleaningibizaservices.com\/es\/\",\"name\":\"Marlene Cleaning Ibiza\",\"description\":\"Cleaning house service Ibiza\",\"publisher\":{\"@id\":\"https:\/\/marlenecleaningibizaservices.com\/es\/#organization\"},\"potentialAction\":[{\"@type\":\"SearchAction\",\"target\":{\"@type\":\"EntryPoint\",\"urlTemplate\":\"https:\/\/marlenecleaningibizaservices.com\/es\/?s={search_term_string}\"},\"query-input\":{\"@type\":\"PropertyValueSpecification\",\"valueRequired\":true,\"valueName\":\"search_term_string\"}}],\"inLanguage\":\"es\"},{\"@type\":\"Organization\",\"@id\":\"https:\/\/marlenecleaningibizaservices.com\/es\/#organization\",\"name\":\"Marlene Cleaning Ibiza\",\"url\":\"https:\/\/marlenecleaningibizaservices.com\/es\/\",\"logo\":{\"@type\":\"ImageObject\",\"inLanguage\":\"es\",\"@id\":\"https:\/\/marlenecleaningibizaservices.com\/es\/#\/schema\/logo\/image\/\",\"url\":\"https:\/\/marlenecleaningibizaservices.com\/wp-content\/uploads\/2023\/11\/cropped-Logo-cleaning-Jenny-favicon.jpg\",\"contentUrl\":\"https:\/\/marlenecleaningibizaservices.com\/wp-content\/uploads\/2023\/11\/cropped-Logo-cleaning-Jenny-favicon.jpg\",\"width\":512,\"height\":512,\"caption\":\"Marlene Cleaning Ibiza\"},\"image\":{\"@id\":\"https:\/\/marlenecleaningibizaservices.com\/es\/#\/schema\/logo\/image\/\"}}]}<\/script>\n<!-- \/ Yoast SEO plugin. -->","yoast_head_json":{"title":"Contacto | Marlene Cleaning Ibiza","robots":{"index":"noindex","follow":"follow","max-snippet":"max-snippet:-1","max-image-preview":"max-image-preview:large","max-video-preview":"max-video-preview:-1"},"og_locale":"es_ES","og_type":"article","og_title":"Contacto | Marlene Cleaning Ibiza","og_description":"Telefono +34 654 78 67 83 E-mail: info@cleaningibizaservices.com Ubicaci\u00f3n: Calle Music Ferm\u00ed Mari N\u00ba 29 \u00bfTiene alguna pregunta?","og_url":"https:\/\/marlenecleaningibizaservices.com\/es\/contacto\/","og_site_name":"Marlene Cleaning Ibiza","article_modified_time":"2024-09-12T23:47:09+00:00","og_image":[{"width":512,"height":512,"url":"https:\/\/marlenecleaningibizaservices.com\/wp-content\/uploads\/2023\/11\/cropped-Logo-cleaning-Jenny-favicon.jpg","type":"image\/jpeg"}],"twitter_card":"summary_large_image","twitter_misc":{"Tiempo de lectura":"1 minuto"},"schema":{"@context":"https:\/\/schema.org","@graph":[{"@type":"WebPage","@id":"https:\/\/marlenecleaningibizaservices.com\/es\/contacto\/","url":"https:\/\/marlenecleaningibizaservices.com\/es\/contacto\/","name":"Contacto | Marlene Cleaning Ibiza","isPartOf":{"@id":"https:\/\/marlenecleaningibizaservices.com\/es\/#website"},"datePublished":"2019-07-11T06:59:56+00:00","dateModified":"2024-09-12T23:47:09+00:00","breadcrumb":{"@id":"https:\/\/marlenecleaningibizaservices.com\/es\/contacto\/#breadcrumb"},"inLanguage":"es","potentialAction":[{"@type":"ReadAction","target":["https:\/\/marlenecleaningibizaservices.com\/es\/contacto\/"]}]},{"@type":"BreadcrumbList","@id":"https:\/\/marlenecleaningibizaservices.com\/es\/contacto\/#breadcrumb","itemListElement":[{"@type":"ListItem","position":1,"name":"Home","item":"https:\/\/marlenecleaningibizaservices.com\/es\/"},{"@type":"ListItem","position":2,"name":"Contacto"}]},{"@type":"WebSite","@id":"https:\/\/marlenecleaningibizaservices.com\/es\/#website","url":"https:\/\/marlenecleaningibizaservices.com\/es\/","name":"Marlene Cleaning Ibiza","description":"Cleaning house service Ibiza","publisher":{"@id":"https:\/\/marlenecleaningibizaservices.com\/es\/#organization"},"potentialAction":[{"@type":"SearchAction","target":{"@type":"EntryPoint","urlTemplate":"https:\/\/marlenecleaningibizaservices.com\/es\/?s={search_term_string}"},"query-input":{"@type":"PropertyValueSpecification","valueRequired":true,"valueName":"search_term_string"}}],"inLanguage":"es"},{"@type":"Organization","@id":"https:\/\/marlenecleaningibizaservices.com\/es\/#organization","name":"Marlene Cleaning Ibiza","url":"https:\/\/marlenecleaningibizaservices.com\/es\/","logo":{"@type":"ImageObject","inLanguage":"es","@id":"https:\/\/marlenecleaningibizaservices.com\/es\/#\/schema\/logo\/image\/","url":"https:\/\/marlenecleaningibizaservices.com\/wp-content\/uploads\/2023\/11\/cropped-Logo-cleaning-Jenny-favicon.jpg","contentUrl":"https:\/\/marlenecleaningibizaservices.com\/wp-content\/uploads\/2023\/11\/cropped-Logo-cleaning-Jenny-favicon.jpg","width":512,"height":512,"caption":"Marlene Cleaning Ibiza"},"image":{"@id":"https:\/\/marlenecleaningibizaservices.com\/es\/#\/schema\/logo\/image\/"}}]}},"_links":{"self":[{"href":"https:\/\/marlenecleaningibizaservices.com\/es\/wp-json\/wp\/v2\/pages\/4481","targetHints":{"allow":["GET"]}}],"collection":[{"href":"https:\/\/marlenecleaningibizaservices.com\/es\/wp-json\/wp\/v2\/pages"}],"about":[{"href":"https:\/\/marlenecleaningibizaservices.com\/es\/wp-json\/wp\/v2\/types\/page"}],"author":[{"embeddable":true,"href":"https:\/\/marlenecleaningibizaservices.com\/es\/wp-json\/wp\/v2\/users\/1"}],"replies":[{"embeddable":true,"href":"https:\/\/marlenecleaningibizaservices.com\/es\/wp-json\/wp\/v2\/comments?post=4481"}],"version-history":[{"count":14,"href":"https:\/\/marlenecleaningibizaservices.com\/es\/wp-json\/wp\/v2\/pages\/4481\/revisions"}],"predecessor-version":[{"id":4963,"href":"https:\/\/marlenecleaningibizaservices.com\/es\/wp-json\/wp\/v2\/pages\/4481\/revisions\/4963"}],"wp:attachment":[{"href":"https:\/\/marlenecleaningibizaservices.com\/es\/wp-json\/wp\/v2\/media?parent=4481"}],"curies":[{"name":"wp","href":"https:\/\/api.w.org\/{rel}","templated":true}]}}